{"id":2,"date":"2023-11-18T16:28:23","date_gmt":"2023-11-18T15:28:23","guid":{"rendered":"http:\/\/roudyweb.com\/?page_id=2"},"modified":"2023-11-18T19:14:28","modified_gmt":"2023-11-18T18:14:28","slug":"page-d-exemple","status":"publish","type":"page","link":"http:\/\/roudyweb.com\/?page_id=2","title":{"rendered":"Quelques r\u00e9f\u00e9rences"},"content":{"rendered":"\n<p>Ceci repr\u00e9sente quelques unes des r\u00e9alisations actuelles ou pass\u00e9es avec mes clients : <\/p>\n\n\n\n<figure class=\"wp-block-image size-large is-resized\"><img loading=\"lazy\" decoding=\"async\" width=\"1024\" height=\"576\" src=\"http:\/\/roudyweb.com\/wp-content\/uploads\/2023\/11\/firefox_1UknUN7Lrp-1024x576.png\" alt=\"\" class=\"wp-image-32\" style=\"width:800px\" srcset=\"http:\/\/roudyweb.com\/wp-content\/uploads\/2023\/11\/firefox_1UknUN7Lrp-1024x576.png 1024w, http:\/\/roudyweb.com\/wp-content\/uploads\/2023\/11\/firefox_1UknUN7Lrp-300x169.png 300w, http:\/\/roudyweb.com\/wp-content\/uploads\/2023\/11\/firefox_1UknUN7Lrp-768x432.png 768w, http:\/\/roudyweb.com\/wp-content\/uploads\/2023\/11\/firefox_1UknUN7Lrp-1536x864.png 1536w, http:\/\/roudyweb.com\/wp-content\/uploads\/2023\/11\/firefox_1UknUN7Lrp.png 1920w\" sizes=\"auto, (max-width: 1024px) 100vw, 1024px\" \/><\/figure>\n\n\n\n<figure class=\"wp-block-image size-large is-resized\"><img loading=\"lazy\" decoding=\"async\" width=\"1024\" height=\"576\" src=\"http:\/\/roudyweb.com\/wp-content\/uploads\/2023\/11\/firefox_iLmTJADk3G-1024x576.png\" alt=\"\" class=\"wp-image-33\" style=\"width:799px;height:auto\" srcset=\"http:\/\/roudyweb.com\/wp-content\/uploads\/2023\/11\/firefox_iLmTJADk3G-1024x576.png 1024w, http:\/\/roudyweb.com\/wp-content\/uploads\/2023\/11\/firefox_iLmTJADk3G-300x169.png 300w, http:\/\/roudyweb.com\/wp-content\/uploads\/2023\/11\/firefox_iLmTJADk3G-768x432.png 768w, http:\/\/roudyweb.com\/wp-content\/uploads\/2023\/11\/firefox_iLmTJADk3G-1536x864.png 1536w, http:\/\/roudyweb.com\/wp-content\/uploads\/2023\/11\/firefox_iLmTJADk3G.png 1920w\" sizes=\"auto, (max-width: 1024px) 100vw, 1024px\" \/><\/figure>\n\n\n\n<figure class=\"wp-block-image size-large is-resized\"><img loading=\"lazy\" decoding=\"async\" width=\"1024\" height=\"576\" src=\"http:\/\/roudyweb.com\/wp-content\/uploads\/2023\/11\/firefox_YN8paZp4fz-1024x576.png\" alt=\"\" class=\"wp-image-70\" style=\"width:800px\" srcset=\"http:\/\/roudyweb.com\/wp-content\/uploads\/2023\/11\/firefox_YN8paZp4fz-1024x576.png 1024w, http:\/\/roudyweb.com\/wp-content\/uploads\/2023\/11\/firefox_YN8paZp4fz-300x169.png 300w, http:\/\/roudyweb.com\/wp-content\/uploads\/2023\/11\/firefox_YN8paZp4fz-768x432.png 768w, http:\/\/roudyweb.com\/wp-content\/uploads\/2023\/11\/firefox_YN8paZp4fz-1536x864.png 1536w, http:\/\/roudyweb.com\/wp-content\/uploads\/2023\/11\/firefox_YN8paZp4fz.png 1920w\" sizes=\"auto, (max-width: 1024px) 100vw, 1024px\" \/><\/figure>\n\n\n\n<figure class=\"wp-block-image size-large is-resized\"><img loading=\"lazy\" decoding=\"async\" width=\"1024\" height=\"576\" src=\"http:\/\/roudyweb.com\/wp-content\/uploads\/2023\/11\/pddH910aTZ-1024x576.png\" alt=\"\" class=\"wp-image-34\" style=\"width:800px\" srcset=\"http:\/\/roudyweb.com\/wp-content\/uploads\/2023\/11\/pddH910aTZ-1024x576.png 1024w, http:\/\/roudyweb.com\/wp-content\/uploads\/2023\/11\/pddH910aTZ-300x169.png 300w, http:\/\/roudyweb.com\/wp-content\/uploads\/2023\/11\/pddH910aTZ-768x432.png 768w, http:\/\/roudyweb.com\/wp-content\/uploads\/2023\/11\/pddH910aTZ-1536x864.png 1536w, http:\/\/roudyweb.com\/wp-content\/uploads\/2023\/11\/pddH910aTZ.png 1920w\" sizes=\"auto, (max-width: 1024px) 100vw, 1024px\" \/><\/figure>\n\n\n\n<figure class=\"wp-block-image size-large is-resized\"><img loading=\"lazy\" decoding=\"async\" width=\"1024\" height=\"576\" src=\"http:\/\/roudyweb.com\/wp-content\/uploads\/2023\/11\/firefox_ZSASKksY8W-1024x576.png\" alt=\"\" class=\"wp-image-67\" style=\"width:800px\" srcset=\"http:\/\/roudyweb.com\/wp-content\/uploads\/2023\/11\/firefox_ZSASKksY8W-1024x576.png 1024w, http:\/\/roudyweb.com\/wp-content\/uploads\/2023\/11\/firefox_ZSASKksY8W-300x169.png 300w, http:\/\/roudyweb.com\/wp-content\/uploads\/2023\/11\/firefox_ZSASKksY8W-768x432.png 768w, http:\/\/roudyweb.com\/wp-content\/uploads\/2023\/11\/firefox_ZSASKksY8W-1536x864.png 1536w, http:\/\/roudyweb.com\/wp-content\/uploads\/2023\/11\/firefox_ZSASKksY8W.png 1920w\" sizes=\"auto, (max-width: 1024px) 100vw, 1024px\" \/><\/figure>\n\n\n\n<figure class=\"wp-block-image size-large is-resized\"><img loading=\"lazy\" decoding=\"async\" width=\"1024\" height=\"576\" src=\"http:\/\/roudyweb.com\/wp-content\/uploads\/2023\/11\/firefox_Z4JJocXzAM-1024x576.png\" alt=\"\" class=\"wp-image-36\" style=\"width:800px\" srcset=\"http:\/\/roudyweb.com\/wp-content\/uploads\/2023\/11\/firefox_Z4JJocXzAM-1024x576.png 1024w, http:\/\/roudyweb.com\/wp-content\/uploads\/2023\/11\/firefox_Z4JJocXzAM-300x169.png 300w, http:\/\/roudyweb.com\/wp-content\/uploads\/2023\/11\/firefox_Z4JJocXzAM-768x432.png 768w, http:\/\/roudyweb.com\/wp-content\/uploads\/2023\/11\/firefox_Z4JJocXzAM-1536x864.png 1536w, http:\/\/roudyweb.com\/wp-content\/uploads\/2023\/11\/firefox_Z4JJocXzAM.png 1920w\" sizes=\"auto, (max-width: 1024px) 100vw, 1024px\" \/><\/figure>\n\n\n\n<figure class=\"wp-block-image size-large is-resized\"><img loading=\"lazy\" decoding=\"async\" width=\"1024\" height=\"576\" src=\"http:\/\/roudyweb.com\/wp-content\/uploads\/2023\/11\/firefox_lPYVbsrio8-1024x576.png\" alt=\"\" class=\"wp-image-39\" style=\"width:800px\" srcset=\"http:\/\/roudyweb.com\/wp-content\/uploads\/2023\/11\/firefox_lPYVbsrio8-1024x576.png 1024w, http:\/\/roudyweb.com\/wp-content\/uploads\/2023\/11\/firefox_lPYVbsrio8-300x169.png 300w, http:\/\/roudyweb.com\/wp-content\/uploads\/2023\/11\/firefox_lPYVbsrio8-768x432.png 768w, http:\/\/roudyweb.com\/wp-content\/uploads\/2023\/11\/firefox_lPYVbsrio8-1536x864.png 1536w, http:\/\/roudyweb.com\/wp-content\/uploads\/2023\/11\/firefox_lPYVbsrio8.png 1920w\" sizes=\"auto, (max-width: 1024px) 100vw, 1024px\" \/><\/figure>\n","protected":false},"excerpt":{"rendered":"<p>Ceci repr\u00e9sente quelques unes des r\u00e9alisations actuelles ou pass\u00e9es avec mes clients :<\/p>\n","protected":false},"author":1,"featured_media":0,"parent":0,"menu_order":0,"comment_status":"closed","ping_status":"open","template":"","meta":{"footnotes":""},"class_list":["post-2","page","type-page","status-publish","hentry"],"yoast_head":"<!-- This site is optimized with the Yoast SEO plugin v27.1.1 - https:\/\/yoast.com\/product\/yoast-seo-wordpress\/ -->\n<title>Quelques r\u00e9f\u00e9rences - Roudy Web &amp; Services<\/title>\n<meta name=\"description\" content=\"RWS ,\" \/>\n<meta name=\"robots\" content=\"index, follow, max-snippet:-1, max-image-preview:large, max-video-preview:-1\" \/>\n<link rel=\"canonical\" href=\"http:\/\/roudyweb.com\/?page_id=2\" \/>\n<meta property=\"og:locale\" content=\"fr_FR\" \/>\n<meta property=\"og:type\" content=\"article\" \/>\n<meta property=\"og:title\" content=\"Quelques r\u00e9f\u00e9rences - Roudy Web &amp; Services\" \/>\n<meta property=\"og:description\" content=\"RWS ,\" \/>\n<meta property=\"og:url\" content=\"http:\/\/roudyweb.com\/?page_id=2\" \/>\n<meta property=\"og:site_name\" content=\"Roudy Web &amp; Services\" \/>\n<meta property=\"article:modified_time\" content=\"2023-11-18T18:14:28+00:00\" \/>\n<meta property=\"og:image\" content=\"http:\/\/roudyweb.com\/wp-content\/uploads\/2023\/11\/firefox_1UknUN7Lrp-1024x576.png\" \/>\n<meta name=\"twitter:card\" content=\"summary_large_image\" \/>\n<meta name=\"twitter:label1\" content=\"Dur\u00e9e de lecture estim\u00e9e\" \/>\n\t<meta name=\"twitter:data1\" content=\"2 minutes\" \/>\n<script type=\"application\/ld+json\" class=\"yoast-schema-graph\">{\"@context\":\"https:\/\/schema.org\",\"@graph\":[{\"@type\":\"WebPage\",\"@id\":\"http:\/\/roudyweb.com\/?page_id=2\",\"url\":\"http:\/\/roudyweb.com\/?page_id=2\",\"name\":\"Quelques r\u00e9f\u00e9rences - Roudy Web &amp; Services\",\"isPartOf\":{\"@id\":\"http:\/\/roudyweb.com\/#website\"},\"primaryImageOfPage\":{\"@id\":\"http:\/\/roudyweb.com\/?page_id=2#primaryimage\"},\"image\":{\"@id\":\"http:\/\/roudyweb.com\/?page_id=2#primaryimage\"},\"thumbnailUrl\":\"http:\/\/roudyweb.com\/wp-content\/uploads\/2023\/11\/firefox_1UknUN7Lrp-1024x576.png\",\"datePublished\":\"2023-11-18T15:28:23+00:00\",\"dateModified\":\"2023-11-18T18:14:28+00:00\",\"description\":\"RWS ,\",\"breadcrumb\":{\"@id\":\"http:\/\/roudyweb.com\/?page_id=2#breadcrumb\"},\"inLanguage\":\"fr-FR\",\"potentialAction\":[{\"@type\":\"ReadAction\",\"target\":[\"http:\/\/roudyweb.com\/?page_id=2\"]}]},{\"@type\":\"ImageObject\",\"inLanguage\":\"fr-FR\",\"@id\":\"http:\/\/roudyweb.com\/?page_id=2#primaryimage\",\"url\":\"http:\/\/roudyweb.com\/wp-content\/uploads\/2023\/11\/firefox_1UknUN7Lrp.png\",\"contentUrl\":\"http:\/\/roudyweb.com\/wp-content\/uploads\/2023\/11\/firefox_1UknUN7Lrp.png\",\"width\":1920,\"height\":1080},{\"@type\":\"BreadcrumbList\",\"@id\":\"http:\/\/roudyweb.com\/?page_id=2#breadcrumb\",\"itemListElement\":[{\"@type\":\"ListItem\",\"position\":1,\"name\":\"Accueil\",\"item\":\"http:\/\/roudyweb.com\/\"},{\"@type\":\"ListItem\",\"position\":2,\"name\":\"Quelques r\u00e9f\u00e9rences\"}]},{\"@type\":\"WebSite\",\"@id\":\"http:\/\/roudyweb.com\/#website\",\"url\":\"http:\/\/roudyweb.com\/\",\"name\":\"Roudy Web &amp; Services\",\"description\":\"\",\"publisher\":{\"@id\":\"http:\/\/roudyweb.com\/#organization\"},\"potentialAction\":[{\"@type\":\"SearchAction\",\"target\":{\"@type\":\"EntryPoint\",\"urlTemplate\":\"http:\/\/roudyweb.com\/?s={search_term_string}\"},\"query-input\":{\"@type\":\"PropertyValueSpecification\",\"valueRequired\":true,\"valueName\":\"search_term_string\"}}],\"inLanguage\":\"fr-FR\"},{\"@type\":\"Organization\",\"@id\":\"http:\/\/roudyweb.com\/#organization\",\"name\":\"Roudy Web &amp; Services\",\"url\":\"http:\/\/roudyweb.com\/\",\"logo\":{\"@type\":\"ImageObject\",\"inLanguage\":\"fr-FR\",\"@id\":\"http:\/\/roudyweb.com\/#\/schema\/logo\/image\/\",\"url\":\"http:\/\/roudyweb.com\/wp-content\/uploads\/2023\/11\/spice-software-dark-logo.png\",\"contentUrl\":\"http:\/\/roudyweb.com\/wp-content\/uploads\/2023\/11\/spice-software-dark-logo.png\",\"caption\":\"Roudy Web &amp; Services\"},\"image\":{\"@id\":\"http:\/\/roudyweb.com\/#\/schema\/logo\/image\/\"}}]}<\/script>\n<!-- \/ Yoast SEO plugin. -->","yoast_head_json":{"title":"Quelques r\u00e9f\u00e9rences - Roudy Web &amp; Services","description":"RWS ,","robots":{"index":"index","follow":"follow","max-snippet":"max-snippet:-1","max-image-preview":"max-image-preview:large","max-video-preview":"max-video-preview:-1"},"canonical":"http:\/\/roudyweb.com\/?page_id=2","og_locale":"fr_FR","og_type":"article","og_title":"Quelques r\u00e9f\u00e9rences - Roudy Web &amp; Services","og_description":"RWS ,","og_url":"http:\/\/roudyweb.com\/?page_id=2","og_site_name":"Roudy Web &amp; Services","article_modified_time":"2023-11-18T18:14:28+00:00","og_image":[{"url":"http:\/\/roudyweb.com\/wp-content\/uploads\/2023\/11\/firefox_1UknUN7Lrp-1024x576.png","type":"","width":"","height":""}],"twitter_card":"summary_large_image","twitter_misc":{"Dur\u00e9e de lecture estim\u00e9e":"2 minutes"},"schema":{"@context":"https:\/\/schema.org","@graph":[{"@type":"WebPage","@id":"http:\/\/roudyweb.com\/?page_id=2","url":"http:\/\/roudyweb.com\/?page_id=2","name":"Quelques r\u00e9f\u00e9rences - Roudy Web &amp; Services","isPartOf":{"@id":"http:\/\/roudyweb.com\/#website"},"primaryImageOfPage":{"@id":"http:\/\/roudyweb.com\/?page_id=2#primaryimage"},"image":{"@id":"http:\/\/roudyweb.com\/?page_id=2#primaryimage"},"thumbnailUrl":"http:\/\/roudyweb.com\/wp-content\/uploads\/2023\/11\/firefox_1UknUN7Lrp-1024x576.png","datePublished":"2023-11-18T15:28:23+00:00","dateModified":"2023-11-18T18:14:28+00:00","description":"RWS ,","breadcrumb":{"@id":"http:\/\/roudyweb.com\/?page_id=2#breadcrumb"},"inLanguage":"fr-FR","potentialAction":[{"@type":"ReadAction","target":["http:\/\/roudyweb.com\/?page_id=2"]}]},{"@type":"ImageObject","inLanguage":"fr-FR","@id":"http:\/\/roudyweb.com\/?page_id=2#primaryimage","url":"http:\/\/roudyweb.com\/wp-content\/uploads\/2023\/11\/firefox_1UknUN7Lrp.png","contentUrl":"http:\/\/roudyweb.com\/wp-content\/uploads\/2023\/11\/firefox_1UknUN7Lrp.png","width":1920,"height":1080},{"@type":"BreadcrumbList","@id":"http:\/\/roudyweb.com\/?page_id=2#breadcrumb","itemListElement":[{"@type":"ListItem","position":1,"name":"Accueil","item":"http:\/\/roudyweb.com\/"},{"@type":"ListItem","position":2,"name":"Quelques r\u00e9f\u00e9rences"}]},{"@type":"WebSite","@id":"http:\/\/roudyweb.com\/#website","url":"http:\/\/roudyweb.com\/","name":"Roudy Web &amp; Services","description":"","publisher":{"@id":"http:\/\/roudyweb.com\/#organization"},"potentialAction":[{"@type":"SearchAction","target":{"@type":"EntryPoint","urlTemplate":"http:\/\/roudyweb.com\/?s={search_term_string}"},"query-input":{"@type":"PropertyValueSpecification","valueRequired":true,"valueName":"search_term_string"}}],"inLanguage":"fr-FR"},{"@type":"Organization","@id":"http:\/\/roudyweb.com\/#organization","name":"Roudy Web &amp; Services","url":"http:\/\/roudyweb.com\/","logo":{"@type":"ImageObject","inLanguage":"fr-FR","@id":"http:\/\/roudyweb.com\/#\/schema\/logo\/image\/","url":"http:\/\/roudyweb.com\/wp-content\/uploads\/2023\/11\/spice-software-dark-logo.png","contentUrl":"http:\/\/roudyweb.com\/wp-content\/uploads\/2023\/11\/spice-software-dark-logo.png","caption":"Roudy Web &amp; Services"},"image":{"@id":"http:\/\/roudyweb.com\/#\/schema\/logo\/image\/"}}]}},"_links":{"self":[{"href":"http:\/\/roudyweb.com\/index.php?rest_route=\/wp\/v2\/pages\/2","targetHints":{"allow":["GET"]}}],"collection":[{"href":"http:\/\/roudyweb.com\/index.php?rest_route=\/wp\/v2\/pages"}],"about":[{"href":"http:\/\/roudyweb.com\/index.php?rest_route=\/wp\/v2\/types\/page"}],"author":[{"embeddable":true,"href":"http:\/\/roudyweb.com\/index.php?rest_route=\/wp\/v2\/users\/1"}],"replies":[{"embeddable":true,"href":"http:\/\/roudyweb.com\/index.php?rest_route=%2Fwp%2Fv2%2Fcomments&post=2"}],"version-history":[{"count":10,"href":"http:\/\/roudyweb.com\/index.php?rest_route=\/wp\/v2\/pages\/2\/revisions"}],"predecessor-version":[{"id":71,"href":"http:\/\/roudyweb.com\/index.php?rest_route=\/wp\/v2\/pages\/2\/revisions\/71"}],"wp:attachment":[{"href":"http:\/\/roudyweb.com\/index.php?rest_route=%2Fwp%2Fv2%2Fmedia&parent=2"}],"curies":[{"name":"wp","href":"https:\/\/api.w.org\/{rel}","templated":true}]}}